{"id":241,"date":"2025-09-05T11:38:09","date_gmt":"2025-09-05T11:38:09","guid":{"rendered":"http:\/\/elohabrand.com\/?page_id=241"},"modified":"2025-09-06T10:00:44","modified_gmt":"2025-09-06T10:00:44","slug":"quienes-somos","status":"publish","type":"page","link":"https:\/\/elohabrand.com\/?page_id=241","title":{"rendered":""},"content":{"rendered":"\n<p class=\"has-text-align-center has-featured-color has-text-color has-link-color has-superbfont-large-font-size wp-elements-757416aa0e60378d183b1893aa156110\"><strong>\u00bfQUI\u00c9NES SOMOS?<\/strong><\/p>\n\n\n\n<div class=\"wp-block-group alignfull has-base-background-color has-background has-global-padding is-layout-constrained wp-container-core-group-is-layout-8bbd0b3b wp-block-group-is-layout-constrained\" style=\"margin-top:0;margin-bottom:0;padding-top:var(--wp--preset--spacing--superbspacing-large);padding-right:var(--wp--preset--spacing--superbspacing-small);padding-bottom:var(--wp--preset--spacing--superbspacing-large);padding-left:var(--wp--preset--spacing--superbspacing-small)\">\n<div class=\"wp-block-columns alignwide is-layout-flex wp-container-core-columns-is-layout-25593187 wp-block-columns-is-layout-flex\">\n<div class=\"wp-block-column is-vertically-aligned-center is-layout-flow wp-container-core-column-is-layout-a1628350 wp-block-column-is-layout-flow\" style=\"padding-top:0;padding-right:0;padding-bottom:0;padding-left:0\">\n<div class=\"wp-block-group has-global-padding is-layout-constrained wp-container-core-group-is-layout-19e250f3 wp-block-group-is-layout-constrained\">\n<h3 class=\"wp-block-heading has-text-align-center has-contrast-color has-text-color has-superbfont-large-font-size\">\u00bfQU\u00c9 ES ELOHA?<\/h3>\n<\/div>\n\n\n\n<p class=\"has-text-align-center has-mono-1-color has-text-color has-link-color has-superbfont-medium-font-size wp-elements-88f2ce06e0d973502f9490c44cc375e9\">Eloha es un proyecto que surge de las ganas que ten\u00edamos por crear crear algo que aporte valor, con alma y personalidad. As\u00ed nace una marca de manteles y servilletas pensada para llenar tu casa de color, de alegr\u00eda y de estilo. Porque para nosotros, la mesa es el centro de la vida en casa: un lugar de encuentro, de conversaci\u00f3n y de celebraci\u00f3n.<\/p>\n<\/div>\n\n\n\n<div class=\"wp-block-column is-vertically-aligned-center is-layout-flow wp-container-core-column-is-layout-40a2a7e8 wp-block-column-is-layout-flow\" style=\"padding-right:0;padding-bottom:0;padding-left:0\">\n<figure class=\"wp-block-image aligncenter size-full is-resized has-custom-border\"><img loading=\"lazy\" decoding=\"async\" width=\"409\" height=\"409\" src=\"https:\/\/elohabrand.com\/wp-content\/uploads\/2025\/09\/Imagen1.png\" alt=\"\" class=\"wp-image-338\" style=\"border-radius:0px;aspect-ratio:1;object-fit:cover;width:359px;height:auto\" srcset=\"https:\/\/elohabrand.com\/wp-content\/uploads\/2025\/09\/Imagen1.png 409w, https:\/\/elohabrand.com\/wp-content\/uploads\/2025\/09\/Imagen1-300x300.png 300w, https:\/\/elohabrand.com\/wp-content\/uploads\/2025\/09\/Imagen1-150x150.png 150w, https:\/\/elohabrand.com\/wp-content\/uploads\/2025\/09\/Imagen1-100x100.png 100w\" sizes=\"auto, (max-width: 409px) 100vw, 409px\" \/><\/figure>\n<\/div>\n<\/div>\n<\/div>\n\n\n\n<div class=\"wp-block-group alignfull has-base-background-color has-background has-global-padding is-layout-constrained wp-container-core-group-is-layout-8bbd0b3b wp-block-group-is-layout-constrained\" style=\"margin-top:0;margin-bottom:0;padding-top:var(--wp--preset--spacing--superbspacing-large);padding-right:var(--wp--preset--spacing--superbspacing-small);padding-bottom:var(--wp--preset--spacing--superbspacing-large);padding-left:var(--wp--preset--spacing--superbspacing-small)\">\n<div class=\"wp-block-columns alignwide is-layout-flex wp-container-core-columns-is-layout-25593187 wp-block-columns-is-layout-flex\">\n<div class=\"wp-block-column is-vertically-aligned-center is-layout-flow wp-container-core-column-is-layout-a1628350 wp-block-column-is-layout-flow\" style=\"padding-top:0;padding-right:0;padding-bottom:0;padding-left:0\">\n<div class=\"wp-block-group has-global-padding is-layout-constrained wp-container-core-group-is-layout-19e250f3 wp-block-group-is-layout-constrained\">\n<h3 class=\"wp-block-heading has-text-align-center has-contrast-color has-text-color has-superbfont-large-font-size\">NUESTRA MISI\u00d3N<\/h3>\n<\/div>\n\n\n\n<p class=\"has-text-align-center has-mono-1-color has-text-color has-link-color has-superbfont-medium-font-size wp-elements-ad95c21ac927d9bdd67a5c7fc6f4d935\">Cada dise\u00f1o de Eloha busca transmitir frescura, alegr\u00eda y sofisticaci\u00f3n. Nuestros textiles no son solo piezas para vestir la mesa, son una forma de transformar momentos cotidianos en instantes especiales, de dar vida a cada encuentro y de llenar cada reuni\u00f3n de detalles que marcan la diferencia.<\/p>\n<\/div>\n\n\n\n<div class=\"wp-block-column is-vertically-aligned-center is-layout-flow wp-container-core-column-is-layout-40a2a7e8 wp-block-column-is-layout-flow\" style=\"padding-right:0;padding-bottom:0;padding-left:0\">\n<figure class=\"wp-block-image aligncenter size-large is-resized has-custom-border\"><img loading=\"lazy\" decoding=\"async\" width=\"1024\" height=\"1024\" src=\"https:\/\/elohabrand.com\/wp-content\/uploads\/2025\/09\/AnyConv.com__IMG_7340-scaled-e1757094402257-1024x1024.jpg\" alt=\"\" class=\"wp-image-327\" style=\"border-radius:0px;width:359px;height:auto\" srcset=\"https:\/\/elohabrand.com\/wp-content\/uploads\/2025\/09\/AnyConv.com__IMG_7340-scaled-e1757094402257-1024x1024.jpg 1024w, https:\/\/elohabrand.com\/wp-content\/uploads\/2025\/09\/AnyConv.com__IMG_7340-scaled-e1757094402257-300x300.jpg 300w, https:\/\/elohabrand.com\/wp-content\/uploads\/2025\/09\/AnyConv.com__IMG_7340-scaled-e1757094402257-150x150.jpg 150w, https:\/\/elohabrand.com\/wp-content\/uploads\/2025\/09\/AnyConv.com__IMG_7340-scaled-e1757094402257-768x768.jpg 768w, https:\/\/elohabrand.com\/wp-content\/uploads\/2025\/09\/AnyConv.com__IMG_7340-scaled-e1757094402257-1536x1536.jpg 1536w, https:\/\/elohabrand.com\/wp-content\/uploads\/2025\/09\/AnyConv.com__IMG_7340-scaled-e1757094402257-600x600.jpg 600w, https:\/\/elohabrand.com\/wp-content\/uploads\/2025\/09\/AnyConv.com__IMG_7340-scaled-e1757094402257-100x100.jpg 100w, https:\/\/elohabrand.com\/wp-content\/uploads\/2025\/09\/AnyConv.com__IMG_7340-scaled-e1757094402257.jpg 1920w\" sizes=\"auto, (max-width: 1024px) 100vw, 1024px\" \/><\/figure>\n<\/div>\n<\/div>\n<\/div>\n\n\n\n<div class=\"wp-block-group alignfull has-base-background-color has-background has-global-padding is-layout-constrained wp-container-core-group-is-layout-8bbd0b3b wp-block-group-is-layout-constrained\" style=\"margin-top:0;margin-bottom:0;padding-top:var(--wp--preset--spacing--superbspacing-large);padding-right:var(--wp--preset--spacing--superbspacing-small);padding-bottom:var(--wp--preset--spacing--superbspacing-large);padding-left:var(--wp--preset--spacing--superbspacing-small)\">\n<div class=\"wp-block-columns alignwide is-layout-flex wp-container-core-columns-is-layout-25593187 wp-block-columns-is-layout-flex\">\n<div class=\"wp-block-column is-vertically-aligned-center is-layout-flow wp-container-core-column-is-layout-a1628350 wp-block-column-is-layout-flow\" style=\"padding-top:0;padding-right:0;padding-bottom:0;padding-left:0\">\n<div class=\"wp-block-group has-global-padding is-layout-constrained wp-container-core-group-is-layout-19e250f3 wp-block-group-is-layout-constrained\">\n<h3 class=\"wp-block-heading has-text-align-center has-contrast-color has-text-color has-superbfont-large-font-size\">NUESTROS VALORES<\/h3>\n<\/div>\n\n\n\n<p class=\"has-text-align-center has-mono-1-color has-text-color has-link-color has-superbfont-medium-font-size wp-elements-1f33ab804276aec673a5eac9ad66595c\">Creemos en la calidad, en los detalles cuidados, atenci\u00f3n por el cliente y en crear productos que duren en el tiempo. Apostamos por colecciones \u00fanicas, hechas con cari\u00f1o, que reflejan una forma de vivir m\u00e1s colorida, aut\u00e9ntica y cercana. Para nosotros la satisfacci\u00f3n de nuestros clientes es lo m\u00e1s importante.<\/p>\n<\/div>\n\n\n\n<div class=\"wp-block-column is-vertically-aligned-center is-layout-flow wp-container-core-column-is-layout-40a2a7e8 wp-block-column-is-layout-flow\" style=\"padding-right:0;padding-bottom:0;padding-left:0\">\n<figure class=\"wp-block-image aligncenter size-large is-resized has-custom-border\"><img loading=\"lazy\" decoding=\"async\" width=\"683\" height=\"1024\" src=\"https:\/\/elohabrand.com\/wp-content\/uploads\/2025\/08\/MaquinaCoser-683x1024.png\" alt=\"\" class=\"wp-image-254\" style=\"border-radius:0px;aspect-ratio:1;object-fit:cover;width:359px;height:auto\" srcset=\"https:\/\/elohabrand.com\/wp-content\/uploads\/2025\/08\/MaquinaCoser-683x1024.png 683w, https:\/\/elohabrand.com\/wp-content\/uploads\/2025\/08\/MaquinaCoser-200x300.png 200w, https:\/\/elohabrand.com\/wp-content\/uploads\/2025\/08\/MaquinaCoser-768x1152.png 768w, https:\/\/elohabrand.com\/wp-content\/uploads\/2025\/08\/MaquinaCoser-600x900.png 600w, https:\/\/elohabrand.com\/wp-content\/uploads\/2025\/08\/MaquinaCoser.png 1024w\" sizes=\"auto, (max-width: 683px) 100vw, 683px\" \/><\/figure>\n<\/div>\n<\/div>\n<\/div>\n","protected":false},"excerpt":{"rendered":"<p>\u00bfQUI\u00c9NES SOMOS? \u00bfQU\u00c9 ES ELOHA? Eloha es un proyecto que surge de las ganas que ten\u00edamos por crear crear algo que aporte valor, con alma y personalidad. As\u00ed nace una marca de manteles y servilletas pensada para llenar tu casa de color, de alegr\u00eda y de estilo. Porque para nosotros, la mesa es el centro [&hellip;]<\/p>\n","protected":false},"author":1,"featured_media":0,"parent":0,"menu_order":0,"comment_status":"closed","ping_status":"closed","template":"","meta":{"footnotes":""},"class_list":["post-241","page","type-page","status-publish","hentry"],"_links":{"self":[{"href":"https:\/\/elohabrand.com\/index.php?rest_route=\/wp\/v2\/pages\/241","targetHints":{"allow":["GET"]}}],"collection":[{"href":"https:\/\/elohabrand.com\/index.php?rest_route=\/wp\/v2\/pages"}],"about":[{"href":"https:\/\/elohabrand.com\/index.php?rest_route=\/wp\/v2\/types\/page"}],"author":[{"embeddable":true,"href":"https:\/\/elohabrand.com\/index.php?rest_route=\/wp\/v2\/users\/1"}],"replies":[{"embeddable":true,"href":"https:\/\/elohabrand.com\/index.php?rest_route=%2Fwp%2Fv2%2Fcomments&post=241"}],"version-history":[{"count":9,"href":"https:\/\/elohabrand.com\/index.php?rest_route=\/wp\/v2\/pages\/241\/revisions"}],"predecessor-version":[{"id":376,"href":"https:\/\/elohabrand.com\/index.php?rest_route=\/wp\/v2\/pages\/241\/revisions\/376"}],"wp:attachment":[{"href":"https:\/\/elohabrand.com\/index.php?rest_route=%2Fwp%2Fv2%2Fmedia&parent=241"}],"curies":[{"name":"wp","href":"https:\/\/api.w.org\/{rel}","templated":true}]}}